{"id":12,"date":"2017-03-11T21:29:47","date_gmt":"2017-03-11T19:29:47","guid":{"rendered":"http:\/\/muuseum.tabivere.net\/?page_id=12"},"modified":"2017-03-13T22:19:43","modified_gmt":"2017-03-13T20:19:43","slug":"tere","status":"publish","type":"page","link":"https:\/\/muuseum.tabivere.net\/de\/tere\/","title":{"rendered":"Willkommen im museum Tabivere"},"content":{"rendered":"<p>Das Museum pr\u00e4sentiert Gegenst\u00e4nde und Quellenmaterial \u00fcber die einheimische Geschichte. Die Ausstellung umfasst den Zeitraum von der Zeit der Sagen des estnischen Nationalepos \u201eKalevipoeg&#8221; und den damit verbundenen Ortschaften bis zur j\u00fcngsten Vergangenheit. Die st\u00e4ndige Exposition in f\u00fcnf R\u00e4umen erl\u00e4utert verschiedene Perioden aus der Geschichte des Ortes Tabivere.<br \/>\nEin bedeutender Teil der Museumsausstellung ist der Geburt und Wiederherstellung der Unabh\u00e4ngigkeit der Estnischen Republik gewidmet. Das Thema des Freiheitskrieges und seiner Teilnehmer bildet einen beachlichen Teil der Exposition. Die bedeutendsten Namen darunter sind: Oberst Karl Parts &#8211; leitete die Divisjon der Panzerz\u00fcge im Freiheitskrieg; General Ants Kurvits &#8211; Kommandeur des Estnischen Grenzschutzes;<br \/>\nGeneral Johannes Orasmaa &#8211; Kommandeur des Estnischen Schutzb\u00fcndnisses und Kotnteradmiral Johan Pitka &#8211; Gr\u00fcnder des Estnischen Schutzb\u00fcndnisses, Organisator der Panzerz\u00fcge und Oberster Befehlshaber der Marine.<br \/>\nDie Sprachwissenschaftler Johannes Voldemar Veski und Julus M\u00e4giste, sowie der Pastor von \u00c4ksi (Ecks) spielten im lokalen Bildungs- und Gesellschaftsleben eine beachtliche Rolle.<br \/>\nDie Ausstellung gestattet auch einen \u00dcberblick \u00fcber die T\u00e4tigkeit der \u00f6rtlichen Feuerwer und sportliche Aktivit\u00e4ten, sowie das landleben in den 1920 &#8211; 1940 Jahren. Eine Erinnerung an die Zeit der Kolchosordnung ist ebenfalls am Platz.<br \/>\nAuf dem Hof des Museums, im Speicher vom Bauernhof des Generals Ants Kurvits, sind alte Acker- und Haushaltsger\u00e4te zu sehen.<br \/>\nIm alten Gutspark, in der N\u00e4he der Tr\u00fcmmer des ehemaligen Heimathauses von Oberst Karl Parts, steht ein ihm errichtetes Denkmal.<\/p>\n","protected":false},"excerpt":{"rendered":"<p>Das Museum pr\u00e4sentiert Gegenst\u00e4nde und Quellenmaterial \u00fcber die einheimische Geschichte. Die Ausstellung umfasst den Zeitraum von der Zeit der Sagen&hellip;<\/p>\n","protected":false},"author":1,"featured_media":0,"parent":0,"menu_order":0,"comment_status":"closed","ping_status":"closed","template":"","meta":{"footnotes":""},"class_list":["post-12","page","type-page","status-publish","hentry"],"translation":{"provider":"WPGlobus","version":"3.0.2","language":"de","enabled_languages":["ee","en","de"],"languages":{"ee":{"title":true,"content":true,"excerpt":false},"en":{"title":true,"content":true,"excerpt":false},"de":{"title":true,"content":true,"excerpt":false}}},"_links":{"self":[{"href":"https:\/\/muuseum.tabivere.net\/de\/wp-json\/wp\/v2\/pages\/12","targetHints":{"allow":["GET"]}}],"collection":[{"href":"https:\/\/muuseum.tabivere.net\/de\/wp-json\/wp\/v2\/pages"}],"about":[{"href":"https:\/\/muuseum.tabivere.net\/de\/wp-json\/wp\/v2\/types\/page"}],"author":[{"embeddable":true,"href":"https:\/\/muuseum.tabivere.net\/de\/wp-json\/wp\/v2\/users\/1"}],"replies":[{"embeddable":true,"href":"https:\/\/muuseum.tabivere.net\/de\/wp-json\/wp\/v2\/comments?post=12"}],"version-history":[{"count":8,"href":"https:\/\/muuseum.tabivere.net\/de\/wp-json\/wp\/v2\/pages\/12\/revisions"}],"predecessor-version":[{"id":142,"href":"https:\/\/muuseum.tabivere.net\/de\/wp-json\/wp\/v2\/pages\/12\/revisions\/142"}],"wp:attachment":[{"href":"https:\/\/muuseum.tabivere.net\/de\/wp-json\/wp\/v2\/media?parent=12"}],"curies":[{"name":"wp","href":"https:\/\/api.w.org\/{rel}","templated":true}]}}